{"id":170,"date":"2024-09-25T21:34:21","date_gmt":"2024-09-25T21:34:21","guid":{"rendered":"https:\/\/atacadoterrana.com.br\/?page_id=170"},"modified":"2024-09-25T21:39:24","modified_gmt":"2024-09-25T21:39:24","slug":"sobre","status":"publish","type":"page","link":"https:\/\/atacadoterrana.com.br\/index.php\/sobre\/","title":{"rendered":"Sobre"},"content":{"rendered":"\t\t<div data-elementor-type=\"wp-page\" data-elementor-id=\"170\" class=\"elementor elementor-170\" data-elementor-post-type=\"page\">\n\t\t\t\t<div class=\"elementor-element elementor-element-6dfe6800 e-con-full e-flex e-con e-parent\" data-id=\"6dfe6800\" data-element_type=\"container\" data-e-type=\"container\">\n\t\t<div class=\"elementor-element elementor-element-5a102b46 e-flex e-con-boxed e-con e-child\" data-id=\"5a102b46\" data-element_type=\"container\" data-e-type=\"container\" data-settings=\"{&quot;background_background&quot;:&quot;classic&quot;}\">\n\t\t\t\t\t<div class=\"e-con-inner\">\n\t\t<div class=\"elementor-element elementor-element-1e519533 e-con-full e-flex e-con e-child\" data-id=\"1e519533\" data-element_type=\"container\" data-e-type=\"container\">\n\t\t\t\t<div class=\"elementor-element elementor-element-ab27f66 elementor-widget elementor-widget-heading\" data-id=\"ab27f66\" data-element_type=\"widget\" data-e-type=\"widget\" data-widget_type=\"heading.default\">\n\t\t\t\t<div class=\"elementor-widget-container\">\n\t\t\t\t\t<h2 class=\"elementor-heading-title elementor-size-default\">Sobre<\/h2>\t\t\t\t<\/div>\n\t\t\t\t<\/div>\n\t\t\t\t<\/div>\n\t\t\t\t\t<\/div>\n\t\t\t\t<\/div>\n\t\t\t\t<div class=\"elementor-element elementor-element-7c7e6681 elementor-view-default elementor-widget elementor-widget-icon\" data-id=\"7c7e6681\" data-element_type=\"widget\" data-e-type=\"widget\" data-widget_type=\"icon.default\">\n\t\t\t\t<div class=\"elementor-widget-container\">\n\t\t\t\t\t\t\t<div class=\"elementor-icon-wrapper\">\n\t\t\t<div class=\"elementor-icon\">\n\t\t\t<svg xmlns=\"http:\/\/www.w3.org\/2000\/svg\" width=\"187\" height=\"187\" viewBox=\"0 0 187 187\" fill=\"none\"><path d=\"M187 0H80C35.8172 0 0 35.8172 0 80V187H107C151.183 187 187 151.183 187 107V0Z\"><\/path><\/svg>\t\t\t<\/div>\n\t\t<\/div>\n\t\t\t\t\t\t<\/div>\n\t\t\t\t<\/div>\n\t\t\t\t<\/div>\n\t\t<div class=\"elementor-element elementor-element-151febd3 e-con-full e-flex e-con e-parent\" data-id=\"151febd3\" data-element_type=\"container\" data-e-type=\"container\">\n\t\t<div class=\"elementor-element elementor-element-2f6402dd e-con-full e-flex e-con e-child\" data-id=\"2f6402dd\" data-element_type=\"container\" data-e-type=\"container\">\n\t\t\t\t<div class=\"elementor-element elementor-element-5def72cb elementor-widget elementor-widget-heading\" data-id=\"5def72cb\" data-element_type=\"widget\" data-e-type=\"widget\" data-widget_type=\"heading.default\">\n\t\t\t\t<div class=\"elementor-widget-container\">\n\t\t\t\t\t<h2 class=\"elementor-heading-title elementor-size-default\">Nossa Jornada\n<\/h2>\t\t\t\t<\/div>\n\t\t\t\t<\/div>\n\t\t\t\t<div class=\"elementor-element elementor-element-9965a9 elementor-widget elementor-widget-text-editor\" data-id=\"9965a9\" data-element_type=\"widget\" data-e-type=\"widget\" data-widget_type=\"text-editor.default\">\n\t\t\t\t<div class=\"elementor-widget-container\">\n\t\t\t\t\t\t\t\t\t<p>A Terrana nasceu em <strong>2020<\/strong> com um prop\u00f3sito claro: atender a crescente demanda do mercado por produtos naturais a granel, oferecendo solu\u00e7\u00f5es inovadoras para estabelecimentos que buscam qualidade e efici\u00eancia. Desde o in\u00edcio, ouvimos atentamente nossos clientes, entendendo suas necessidades e desenvolvendo um modelo de atua\u00e7\u00e3o que combina expertise, tecnologia e suporte completo.<\/p><p>Iniciamos nossas atividades implementando o conceito de <strong>esta\u00e7\u00f5es de granel<\/strong> em supermercados e lojas especializadas, permitindo que nossos clientes montem suas pr\u00f3prias \u00e1reas de venda a granel com total seguran\u00e7a e apoio t\u00e9cnico. Este modelo trouxe facilidade para quem buscava oferecer produtos naturais de forma pr\u00e1tica e lucrativa.<\/p><p>Nosso compromisso com a excel\u00eancia nos levou a expandir rapidamente. Em <strong>2024<\/strong>, inauguramos um <strong>Centro de Distribui\u00e7\u00e3o<\/strong> de <strong>1.300 m\u00b2<\/strong>, otimizando nossa capacidade log\u00edstica e garantindo um abastecimento personalizado e \u00e1gil para cada cliente. No mesmo ano, abrimos nossa pr\u00f3pria <strong>f\u00e1brica de temperos<\/strong>, uma estrutura moderna e equipada com tecnologia de ponta, capaz de produzir receitas exclusivas e competitivas no mercado.<\/p><p>Sempre em busca de novas oportunidades, em <strong>2024<\/strong> consolidamos nossa presen\u00e7a no <strong>CEASA Campinas<\/strong>, um dos maiores centros de distribui\u00e7\u00e3o do Brasil. Aqui, unimos nossa linha de produtos naturais a granel com a conveni\u00eancia do atacarejo, proporcionando solu\u00e7\u00f5es completas para supermercados e comerciantes que buscam otimizar suas opera\u00e7\u00f5es.<\/p><p>Como parte de um s\u00f3lido grupo empresarial que inclui a <strong>Frut\u00edcola Aurora<\/strong>, a <strong>Terra Mel Frutas<\/strong> e a <strong>Terra Mel Legumes Bandejados<\/strong>, a Terrana traz consigo a experi\u00eancia e o conhecimento acumulado em anos de atua\u00e7\u00e3o no setor de hortifr\u00fatis, garantindo a qualidade e a confiabilidade dos nossos produtos.<\/p><p><strong>Nossa miss\u00e3o<\/strong> \u00e9 oferecer produtos naturais de alta qualidade a granel, de forma eficiente e com pre\u00e7os competitivos, ajudando nossos clientes a impulsionarem seus neg\u00f3cios.<\/p><p><strong>Nossa vis\u00e3o<\/strong> \u00e9 ser refer\u00eancia no mercado B2B de produtos naturais a granel, expandindo nossa presen\u00e7a em todo o Brasil e continuando a inovar no setor.<\/p><p><strong>Nossos valores<\/strong> incluem compromisso com a qualidade, respeito \u00e0s normas de produ\u00e7\u00e3o, \u00e9tica nas rela\u00e7\u00f5es comerciais e o suporte cont\u00ednuo aos nossos parceiros.<\/p>\t\t\t\t\t\t\t\t<\/div>\n\t\t\t\t<\/div>\n\t\t\t\t<\/div>\n\t\t\t\t<\/div>\n\t\t\t\t<\/div>\n\t\t","protected":false},"excerpt":{"rendered":"<p>Sobre Nossa Jornada A Terrana nasceu em 2020 com um prop\u00f3sito claro: atender a crescente demanda do mercado por produtos naturais a granel, oferecendo solu\u00e7\u00f5es inovadoras para estabelecimentos que buscam qualidade e efici\u00eancia. Desde o in\u00edcio, ouvimos atentamente nossos clientes, entendendo suas necessidades e desenvolvendo um modelo de atua\u00e7\u00e3o que combina expertise, tecnologia e suporte [&hellip;]<\/p>\n","protected":false},"author":1,"featured_media":0,"parent":0,"menu_order":0,"comment_status":"closed","ping_status":"closed","template":"elementor_header_footer","meta":{"footnotes":""},"class_list":["post-170","page","type-page","status-publish","hentry"],"_links":{"self":[{"href":"https:\/\/atacadoterrana.com.br\/index.php\/wp-json\/wp\/v2\/pages\/170","targetHints":{"allow":["GET"]}}],"collection":[{"href":"https:\/\/atacadoterrana.com.br\/index.php\/wp-json\/wp\/v2\/pages"}],"about":[{"href":"https:\/\/atacadoterrana.com.br\/index.php\/wp-json\/wp\/v2\/types\/page"}],"author":[{"embeddable":true,"href":"https:\/\/atacadoterrana.com.br\/index.php\/wp-json\/wp\/v2\/users\/1"}],"replies":[{"embeddable":true,"href":"https:\/\/atacadoterrana.com.br\/index.php\/wp-json\/wp\/v2\/comments?post=170"}],"version-history":[{"count":7,"href":"https:\/\/atacadoterrana.com.br\/index.php\/wp-json\/wp\/v2\/pages\/170\/revisions"}],"predecessor-version":[{"id":178,"href":"https:\/\/atacadoterrana.com.br\/index.php\/wp-json\/wp\/v2\/pages\/170\/revisions\/178"}],"wp:attachment":[{"href":"https:\/\/atacadoterrana.com.br\/index.php\/wp-json\/wp\/v2\/media?parent=170"}],"curies":[{"name":"wp","href":"https:\/\/api.w.org\/{rel}","templated":true}]}}